{"id":195,"date":"2019-03-26T16:47:12","date_gmt":"2019-03-26T16:47:12","guid":{"rendered":"http:\/\/valeur-relation-sociale.com\/?page_id=195"},"modified":"2019-04-18T17:03:06","modified_gmt":"2019-04-18T17:03:06","slug":"a-propos","status":"publish","type":"page","link":"http:\/\/valeur-relation-sociale.com\/?page_id=195","title":{"rendered":"\u00c0 PROPOS"},"content":{"rendered":"\n<p>Le r\u00e9seau Valeur Relation Sociale assure la coordination des ressources potentielles autour des diff\u00e9rentes th\u00e9matiques li\u00e9es aux enjeux d\u00e9coulant de la relation sociale. Il est est d\u00e9velopp\u00e9 et anim\u00e9 par la cabinet <a href=\"http:\/\/www.agc-fc.com\">AGC Formation Conseil<\/a>.<br><br>Ses membres sont coopt\u00e9s pour leur expertise, mais aussi la transversalit\u00e9 de leur approche et leur capacit\u00e9 \u00e0 travailler en \u00e9quipe pluridisciplinaire.<br><br>La diversit\u00e9 de leurs profils et parcours permet de couvrir une palette d\u2019enjeux \u00e9tendue, allant du management \u00e0 la parentalit\u00e9, en passant par la GRH, l\u2019enseignement, la pratique musicale collective\u2026<br><br>Selon les situations et les demandes, ces ressources pourront \u00eatre mobilis\u00e9es pour \u00e9laborer une r\u00e9ponse sp\u00e9cifique.<\/p>\n\n\n\n<p style=\"text-align:center\"><em>Seul on va vite,<br>Ensemble on va loin.<\/em><\/p>\n","protected":false},"excerpt":{"rendered":"<p>Le r\u00e9seau Valeur Relation Sociale assure la coordination des ressources potentielles autour des diff\u00e9rentes th\u00e9matiques li\u00e9es aux enjeux d\u00e9coulant de la relation sociale. Il est est d\u00e9velopp\u00e9 et anim\u00e9 par la cabinet AGC Formation Conseil. Ses membres sont coopt\u00e9s pour leur expertise, mais aussi la transversalit\u00e9 de leur approche et [&hellip;]<\/p>\n","protected":false},"author":1,"featured_media":0,"parent":0,"menu_order":0,"comment_status":"closed","ping_status":"closed","template":"","meta":[],"_links":{"self":[{"href":"http:\/\/valeur-relation-sociale.com\/index.php?rest_route=\/wp\/v2\/pages\/195"}],"collection":[{"href":"http:\/\/valeur-relation-sociale.com\/index.php?rest_route=\/wp\/v2\/pages"}],"about":[{"href":"http:\/\/valeur-relation-sociale.com\/index.php?rest_route=\/wp\/v2\/types\/page"}],"author":[{"embeddable":true,"href":"http:\/\/valeur-relation-sociale.com\/index.php?rest_route=\/wp\/v2\/users\/1"}],"replies":[{"embeddable":true,"href":"http:\/\/valeur-relation-sociale.com\/index.php?rest_route=%2Fwp%2Fv2%2Fcomments&post=195"}],"version-history":[{"count":13,"href":"http:\/\/valeur-relation-sociale.com\/index.php?rest_route=\/wp\/v2\/pages\/195\/revisions"}],"predecessor-version":[{"id":219,"href":"http:\/\/valeur-relation-sociale.com\/index.php?rest_route=\/wp\/v2\/pages\/195\/revisions\/219"}],"wp:attachment":[{"href":"http:\/\/valeur-relation-sociale.com\/index.php?rest_route=%2Fwp%2Fv2%2Fmedia&parent=195"}],"curies":[{"name":"wp","href":"https:\/\/api.w.org\/{rel}","templated":true}]}}