{"id":18,"date":"2019-02-28T11:47:31","date_gmt":"2019-02-28T11:47:31","guid":{"rendered":"http:\/\/valeur-relation-sociale.com\/?page_id=18"},"modified":"2019-02-28T13:24:32","modified_gmt":"2019-02-28T13:24:32","slug":"les-axes-de-travail-du-reseau-v-r-s","status":"publish","type":"page","link":"http:\/\/valeur-relation-sociale.com\/?page_id=18","title":{"rendered":"Les axes de travail du r\u00e9seau V.R.S."},"content":{"rendered":"\n<ul><li>Axe <strong>OPERATIONNEL<\/strong> : <a rel=\"noreferrer noopener\" aria-label=\"Conseil, Accompagnement, Intervention (s\u2019ouvre dans un nouvel onglet)\" href=\"http:\/\/www.agc-fc.com\" target=\"_blank\">Conseil, Accompagnement, Intervention<\/a><\/li><li>Axe <strong>P\u00c9DAGOGIQUE<\/strong>  :  Formation Initiale, <a rel=\"noreferrer noopener\" aria-label=\"Formation Continue (s\u2019ouvre dans un nouvel onglet)\" href=\"http:\/\/agc-fc.com\/formation.html\" target=\"_blank\">Formation Continue<\/a>, <a rel=\"noreferrer noopener\" aria-label=\"Base de ressource p\u00e9dagogique (s\u2019ouvre dans un nouvel onglet)\" href=\"http:\/\/pedagogie.valeur-relation-sociale.com\" target=\"_blank\">Base de ressources p\u00e9dagogiques<\/a><\/li><li>Axe <strong>RECHERCHE<\/strong> : D\u00e9marche de recherche, Base de capitalisation<\/li><li>Axe <strong>PUBLICATION<\/strong> : <a href=\"http:\/\/valeur-relation-sociale.com\/?page_id=29\">Recherche et m\u00e9thodologie, Applications op\u00e9rationnelles<\/a><\/li><\/ul>\n","protected":false},"excerpt":{"rendered":"<p>Axe OPERATIONNEL : Conseil, Accompagnement, Intervention Axe P\u00c9DAGOGIQUE : Formation Initiale, Formation Continue, Base de ressources p\u00e9dagogiques Axe RECHERCHE : D\u00e9marche de recherche, Base de capitalisation Axe PUBLICATION : Recherche et m\u00e9thodologie, Applications op\u00e9rationnelles<\/p>\n","protected":false},"author":1,"featured_media":25,"parent":0,"menu_order":0,"comment_status":"closed","ping_status":"closed","template":"","meta":[],"_links":{"self":[{"href":"http:\/\/valeur-relation-sociale.com\/index.php?rest_route=\/wp\/v2\/pages\/18"}],"collection":[{"href":"http:\/\/valeur-relation-sociale.com\/index.php?rest_route=\/wp\/v2\/pages"}],"about":[{"href":"http:\/\/valeur-relation-sociale.com\/index.php?rest_route=\/wp\/v2\/types\/page"}],"author":[{"embeddable":true,"href":"http:\/\/valeur-relation-sociale.com\/index.php?rest_route=\/wp\/v2\/users\/1"}],"replies":[{"embeddable":true,"href":"http:\/\/valeur-relation-sociale.com\/index.php?rest_route=%2Fwp%2Fv2%2Fcomments&post=18"}],"version-history":[{"count":5,"href":"http:\/\/valeur-relation-sociale.com\/index.php?rest_route=\/wp\/v2\/pages\/18\/revisions"}],"predecessor-version":[{"id":33,"href":"http:\/\/valeur-relation-sociale.com\/index.php?rest_route=\/wp\/v2\/pages\/18\/revisions\/33"}],"wp:featuredmedia":[{"embeddable":true,"href":"http:\/\/valeur-relation-sociale.com\/index.php?rest_route=\/wp\/v2\/media\/25"}],"wp:attachment":[{"href":"http:\/\/valeur-relation-sociale.com\/index.php?rest_route=%2Fwp%2Fv2%2Fmedia&parent=18"}],"curies":[{"name":"wp","href":"https:\/\/api.w.org\/{rel}","templated":true}]}}